{"id":301,"date":"2020-11-29T23:29:23","date_gmt":"2020-11-29T22:29:23","guid":{"rendered":"https:\/\/supermaid.ch\/shop\/?post_type=product&#038;p=301"},"modified":"2024-08-29T12:33:35","modified_gmt":"2024-08-29T11:33:35","slug":"inic-staubsauger-25kpa","status":"publish","type":"product","link":"https:\/\/supermaid.ch\/shop\/product\/inic-staubsauger-25kpa\/","title":{"rendered":"INIC Staubsauger 25Kpa"},"content":{"rendered":"<div>Model No. ES-8000 (Brushless motor-100000rpm)<\/div>\n<div>Akku Staubsauger<\/div>\n<div><\/div>\n<div>\n<p>Beschreibung<br \/>\n* Injektionsfarbe<br \/>\n* Eingangsspannung 25,2 (Li-ION)<br \/>\n* Leistung 350W<br \/>\n* Staubbeh\u00e4lterkapazit\u00e4t 0,55 l<br \/>\n* Ladeger\u00e4t 100-240 V 50\/60 Hz Ausgang: 30 V DC 0,5 A.<br \/>\n* Batteriekapazit\u00e4t 2200Amh \/ Samsung<br \/>\n* Ladezeit 4-5 Stunden<br \/>\n* Saugleistung \uff1e 25 kPa<br \/>\n* Batterielaufzeit:<\/p>\n<ul>\n<li>48 Minuten (niedrige Geschwindigkeit)<\/li>\n<li>25 Minuten (mittlere Geschwindigkeit)<\/li>\n<li>10 Minuten (hohe Geschwindigkeit)<\/li>\n<\/ul>\n<p>* Geschwindigkeitsregelung: Drei Geschwindigkeiten (hoch &amp; mittel &amp; niedrig)<br \/>\n* Zubeh\u00f6r: Borstenb\u00fcrste, Fugend\u00fcse, Teleskoprohr, motorisierte Rollenb\u00fcrste, Matratzenb\u00fcrste, Moppset 3 in 1<\/p>\n<p>* Wandhalterung<br \/>\n* HEPA H13 Filter<\/p>\n<\/div>\n<div><\/div>\n","protected":false},"excerpt":{"rendered":"<p>25Kpa Akku Staubsauger<\/p>\n","protected":false},"featured_media":302,"comment_status":"open","ping_status":"closed","template":"","meta":[],"product_brand":[],"product_cat":[15,31],"product_tag":[],"class_list":{"0":"post-301","1":"product","2":"type-product","3":"status-publish","4":"has-post-thumbnail","6":"product_cat-featured_products","7":"product_cat-haushaltsprodukte","9":"first","10":"outofstock","11":"taxable","12":"shipping-taxable","13":"purchasable","14":"product-type-simple"},"_links":{"self":[{"href":"https:\/\/supermaid.ch\/shop\/wp-json\/wp\/v2\/product\/301","targetHints":{"allow":["GET"]}}],"collection":[{"href":"https:\/\/supermaid.ch\/shop\/wp-json\/wp\/v2\/product"}],"about":[{"href":"https:\/\/supermaid.ch\/shop\/wp-json\/wp\/v2\/types\/product"}],"replies":[{"embeddable":true,"href":"https:\/\/supermaid.ch\/shop\/wp-json\/wp\/v2\/comments?post=301"}],"wp:featuredmedia":[{"embeddable":true,"href":"https:\/\/supermaid.ch\/shop\/wp-json\/wp\/v2\/media\/302"}],"wp:attachment":[{"href":"https:\/\/supermaid.ch\/shop\/wp-json\/wp\/v2\/media?parent=301"}],"wp:term":[{"taxonomy":"product_brand","embeddable":true,"href":"https:\/\/supermaid.ch\/shop\/wp-json\/wp\/v2\/product_brand?post=301"},{"taxonomy":"product_cat","embeddable":true,"href":"https:\/\/supermaid.ch\/shop\/wp-json\/wp\/v2\/product_cat?post=301"},{"taxonomy":"product_tag","embeddable":true,"href":"https:\/\/supermaid.ch\/shop\/wp-json\/wp\/v2\/product_tag?post=301"}],"curies":[{"name":"wp","href":"https:\/\/api.w.org\/{rel}","templated":true}]}}