{"id":299,"date":"2020-11-29T22:52:56","date_gmt":"2020-11-29T21:52:56","guid":{"rendered":"https:\/\/supermaid.ch\/shop\/?post_type=product&#038;p=299"},"modified":"2026-02-28T12:11:08","modified_gmt":"2026-02-28T11:11:08","slug":"lenor-sommerbrise-56-wg","status":"publish","type":"product","link":"https:\/\/supermaid.ch\/shop\/product\/lenor-sommerbrise-56-wg\/","title":{"rendered":"Lenor Orange&#038;Verbena 56 WG"},"content":{"rendered":"<p>1.44 Liter. Die Weichsp\u00fcler von Lenor sorgen f\u00fcr eine langanhaltende Frische. Bei der Duftrichtung Orange &amp; Verbena vereinen sich belebende Kl\u00e4nge von Zitrusfr\u00fcchten und Mango mit floralen Nuancen von Verbene, um eine erfrischende Vitalit\u00e4t zu verleihen.<\/p>\n","protected":false},"excerpt":{"rendered":"<p>Lenor Weichsp\u00fcler<\/p>\n","protected":false},"featured_media":343,"comment_status":"open","ping_status":"closed","template":"","meta":[],"product_brand":[],"product_cat":[32],"product_tag":[],"class_list":{"0":"post-299","1":"product","2":"type-product","3":"status-publish","4":"has-post-thumbnail","6":"product_cat-reinigungsmittel","8":"first","9":"instock","10":"taxable","11":"shipping-taxable","12":"purchasable","13":"product-type-simple"},"_links":{"self":[{"href":"https:\/\/supermaid.ch\/shop\/wp-json\/wp\/v2\/product\/299","targetHints":{"allow":["GET"]}}],"collection":[{"href":"https:\/\/supermaid.ch\/shop\/wp-json\/wp\/v2\/product"}],"about":[{"href":"https:\/\/supermaid.ch\/shop\/wp-json\/wp\/v2\/types\/product"}],"replies":[{"embeddable":true,"href":"https:\/\/supermaid.ch\/shop\/wp-json\/wp\/v2\/comments?post=299"}],"wp:featuredmedia":[{"embeddable":true,"href":"https:\/\/supermaid.ch\/shop\/wp-json\/wp\/v2\/media\/343"}],"wp:attachment":[{"href":"https:\/\/supermaid.ch\/shop\/wp-json\/wp\/v2\/media?parent=299"}],"wp:term":[{"taxonomy":"product_brand","embeddable":true,"href":"https:\/\/supermaid.ch\/shop\/wp-json\/wp\/v2\/product_brand?post=299"},{"taxonomy":"product_cat","embeddable":true,"href":"https:\/\/supermaid.ch\/shop\/wp-json\/wp\/v2\/product_cat?post=299"},{"taxonomy":"product_tag","embeddable":true,"href":"https:\/\/supermaid.ch\/shop\/wp-json\/wp\/v2\/product_tag?post=299"}],"curies":[{"name":"wp","href":"https:\/\/api.w.org\/{rel}","templated":true}]}}