{"id":297,"date":"2020-11-29T22:47:27","date_gmt":"2020-11-29T21:47:27","guid":{"rendered":"https:\/\/supermaid.ch\/shop\/?post_type=product&#038;p=297"},"modified":"2023-02-14T22:35:01","modified_gmt":"2023-02-14T21:35:01","slug":"persil-universal-65-wg","status":"publish","type":"product","link":"https:\/\/supermaid.ch\/shop\/product\/persil-universal-65-wg\/","title":{"rendered":"Persil Universal 65 WG"},"content":{"rendered":"<p>3.25 Liter. Persil ist das klassische Vollwaschmittel f\u00fcr strahlend weisse W\u00e4sche. Die tiefenrein-Technologie wirkt gegen hartn\u00e4ckigste Flecken. Sie dringt tief in die Fasern ein und entfernt selbst kleinste Fleckenmolek\u00fcle mit der Persil-Frische, die Sie lieben.<\/p>\n","protected":false},"excerpt":{"rendered":"<p>Persil Universal Fl\u00fcssigwaschmittel<\/p>\n","protected":false},"featured_media":298,"comment_status":"open","ping_status":"closed","template":"","meta":[],"product_brand":[],"product_cat":[15],"product_tag":[],"class_list":{"0":"post-297","1":"product","2":"type-product","3":"status-publish","4":"has-post-thumbnail","6":"product_cat-featured_products","8":"first","9":"instock","10":"taxable","11":"shipping-taxable","12":"purchasable","13":"product-type-simple"},"_links":{"self":[{"href":"https:\/\/supermaid.ch\/shop\/wp-json\/wp\/v2\/product\/297","targetHints":{"allow":["GET"]}}],"collection":[{"href":"https:\/\/supermaid.ch\/shop\/wp-json\/wp\/v2\/product"}],"about":[{"href":"https:\/\/supermaid.ch\/shop\/wp-json\/wp\/v2\/types\/product"}],"replies":[{"embeddable":true,"href":"https:\/\/supermaid.ch\/shop\/wp-json\/wp\/v2\/comments?post=297"}],"wp:featuredmedia":[{"embeddable":true,"href":"https:\/\/supermaid.ch\/shop\/wp-json\/wp\/v2\/media\/298"}],"wp:attachment":[{"href":"https:\/\/supermaid.ch\/shop\/wp-json\/wp\/v2\/media?parent=297"}],"wp:term":[{"taxonomy":"product_brand","embeddable":true,"href":"https:\/\/supermaid.ch\/shop\/wp-json\/wp\/v2\/product_brand?post=297"},{"taxonomy":"product_cat","embeddable":true,"href":"https:\/\/supermaid.ch\/shop\/wp-json\/wp\/v2\/product_cat?post=297"},{"taxonomy":"product_tag","embeddable":true,"href":"https:\/\/supermaid.ch\/shop\/wp-json\/wp\/v2\/product_tag?post=297"}],"curies":[{"name":"wp","href":"https:\/\/api.w.org\/{rel}","templated":true}]}}