{"id":293,"date":"2020-11-29T22:07:59","date_gmt":"2020-11-29T21:07:59","guid":{"rendered":"https:\/\/supermaid.ch\/shop\/?post_type=product&#038;p=293"},"modified":"2020-11-29T22:07:59","modified_gmt":"2020-11-29T21:07:59","slug":"cif-creme-white-750ml","status":"publish","type":"product","link":"https:\/\/supermaid.ch\/shop\/product\/cif-creme-white-750ml\/","title":{"rendered":"CIF Creme White 750ml"},"content":{"rendered":"<p>Die Cif Cr\u00e8me Original mit ihrem Duft nach Meeresbrise ist mit Millionen von nat\u00fcrlichen Mikrokristallen aus Kalkstein gef\u00fcllt. Die Mikrokristalle bestehen aus einem nat\u00fcrlich vorkommenden Mineral. Sie sind sorgf\u00e4ltig abgerundet und sehr fein und daher schonend zu Ihren Oberfl\u00e4chen. Die Rezeptur ist besser als je zuvor und bietet 100% starke Schmutzentfernung und 100% Glanz auf unz\u00e4hligen Oberfl\u00e4chen. Dank ihrer neuen Textur l\u00e4sst sich die Cif Cr\u00e8me zudem leichter abwischen. Sie brauchen nur einen kleinen Spritzer, um selbst hartn\u00e4ckigen Schmutz zu entfernen, wie z.B. verkrustetes Fett, schmutzigen Schlamm auf Turnschuhen oder schmutzige Flecken an W\u00e4nden. Reinigen mit Cif Cr\u00e8me war noch nie so einfach.<\/p>\n","protected":false},"excerpt":{"rendered":"<p>CIF Creme White, Reiniger aus Mikrokristallen<\/p>\n","protected":false},"featured_media":294,"comment_status":"open","ping_status":"closed","template":"","meta":[],"product_brand":[],"product_cat":[32],"product_tag":[],"class_list":{"0":"post-293","1":"product","2":"type-product","3":"status-publish","4":"has-post-thumbnail","6":"product_cat-reinigungsmittel","8":"first","9":"instock","10":"taxable","11":"shipping-taxable","12":"purchasable","13":"product-type-simple"},"_links":{"self":[{"href":"https:\/\/supermaid.ch\/shop\/wp-json\/wp\/v2\/product\/293","targetHints":{"allow":["GET"]}}],"collection":[{"href":"https:\/\/supermaid.ch\/shop\/wp-json\/wp\/v2\/product"}],"about":[{"href":"https:\/\/supermaid.ch\/shop\/wp-json\/wp\/v2\/types\/product"}],"replies":[{"embeddable":true,"href":"https:\/\/supermaid.ch\/shop\/wp-json\/wp\/v2\/comments?post=293"}],"wp:featuredmedia":[{"embeddable":true,"href":"https:\/\/supermaid.ch\/shop\/wp-json\/wp\/v2\/media\/294"}],"wp:attachment":[{"href":"https:\/\/supermaid.ch\/shop\/wp-json\/wp\/v2\/media?parent=293"}],"wp:term":[{"taxonomy":"product_brand","embeddable":true,"href":"https:\/\/supermaid.ch\/shop\/wp-json\/wp\/v2\/product_brand?post=293"},{"taxonomy":"product_cat","embeddable":true,"href":"https:\/\/supermaid.ch\/shop\/wp-json\/wp\/v2\/product_cat?post=293"},{"taxonomy":"product_tag","embeddable":true,"href":"https:\/\/supermaid.ch\/shop\/wp-json\/wp\/v2\/product_tag?post=293"}],"curies":[{"name":"wp","href":"https:\/\/api.w.org\/{rel}","templated":true}]}}