{"id":289,"date":"2020-11-29T21:51:26","date_gmt":"2020-11-29T20:51:26","guid":{"rendered":"https:\/\/supermaid.ch\/shop\/?post_type=product&#038;p=289"},"modified":"2020-11-29T23:36:06","modified_gmt":"2020-11-29T22:36:06","slug":"finish-klarspuler-400ml","status":"publish","type":"product","link":"https:\/\/supermaid.ch\/shop\/product\/finish-klarspuler-400ml\/","title":{"rendered":"Finish Klarsp\u00fcler 400ml"},"content":{"rendered":"<p>Der &#8220;Finish&#8221; Klarsp\u00fcler mit Glanz- und Glasschutz vermeidet die Entstehung von Ablagerungen, Wasserresten sowie Kalkfilm und hinterl\u00e4sst nichts als strahlenden Glanz. Das Finish Glanzelixier l\u00e4sst das Wasser gleichm\u00e4ssig von Oberfl\u00e4chen ablaufen und sorgt so f\u00fcr beste Sp\u00fclergebnisse. Erleben Sie strahlenden Glanz auf Geschirr und Gl\u00e4sern, T\u00f6pfen und Pfannen, Sp\u00fclmaschine, Besteck und Filter.<\/p>\n","protected":false},"excerpt":{"rendered":"<p>&#8220;Finish&#8221; Klarsp\u00fcler 400ml f\u00fcr den perfekten Glanz<\/p>\n","protected":false},"featured_media":290,"comment_status":"open","ping_status":"closed","template":"","meta":[],"product_brand":[],"product_cat":[15],"product_tag":[],"class_list":{"0":"post-289","1":"product","2":"type-product","3":"status-publish","4":"has-post-thumbnail","6":"product_cat-featured_products","8":"first","9":"instock","10":"taxable","11":"shipping-taxable","12":"purchasable","13":"product-type-simple"},"_links":{"self":[{"href":"https:\/\/supermaid.ch\/shop\/wp-json\/wp\/v2\/product\/289","targetHints":{"allow":["GET"]}}],"collection":[{"href":"https:\/\/supermaid.ch\/shop\/wp-json\/wp\/v2\/product"}],"about":[{"href":"https:\/\/supermaid.ch\/shop\/wp-json\/wp\/v2\/types\/product"}],"replies":[{"embeddable":true,"href":"https:\/\/supermaid.ch\/shop\/wp-json\/wp\/v2\/comments?post=289"}],"wp:featuredmedia":[{"embeddable":true,"href":"https:\/\/supermaid.ch\/shop\/wp-json\/wp\/v2\/media\/290"}],"wp:attachment":[{"href":"https:\/\/supermaid.ch\/shop\/wp-json\/wp\/v2\/media?parent=289"}],"wp:term":[{"taxonomy":"product_brand","embeddable":true,"href":"https:\/\/supermaid.ch\/shop\/wp-json\/wp\/v2\/product_brand?post=289"},{"taxonomy":"product_cat","embeddable":true,"href":"https:\/\/supermaid.ch\/shop\/wp-json\/wp\/v2\/product_cat?post=289"},{"taxonomy":"product_tag","embeddable":true,"href":"https:\/\/supermaid.ch\/shop\/wp-json\/wp\/v2\/product_tag?post=289"}],"curies":[{"name":"wp","href":"https:\/\/api.w.org\/{rel}","templated":true}]}}