{"id":287,"date":"2020-11-29T21:48:54","date_gmt":"2020-11-29T20:48:54","guid":{"rendered":"https:\/\/supermaid.ch\/shop\/?post_type=product&#038;p=287"},"modified":"2020-11-29T21:48:54","modified_gmt":"2020-11-29T20:48:54","slug":"finish-classic-100-tabs","status":"publish","type":"product","link":"https:\/\/supermaid.ch\/shop\/product\/finish-classic-100-tabs\/","title":{"rendered":"Finish Classic 100 Tabs"},"content":{"rendered":"<p>Finish Classic Sp\u00fclmaschinentabs f\u00fcr eine kraftvolle Reinigung. Der Powerball enth\u00e4lt Aktiv-Einweichstoffe, die selbst h\u00e4rteste Verschmutzungen einweichen, sodass sie einfach weggesp\u00fclt werden k\u00f6nnen. F\u00fcr ein gl\u00e4nzend sauberes Ergebnis.<\/p>\n","protected":false},"excerpt":{"rendered":"<p>Finish Classic Megapack 100 Tabs &#8211; Sp\u00fclmaschinenreiniger<\/p>\n","protected":false},"featured_media":288,"comment_status":"open","ping_status":"closed","template":"","meta":[],"product_brand":[],"product_cat":[15],"product_tag":[],"class_list":{"0":"post-287","1":"product","2":"type-product","3":"status-publish","4":"has-post-thumbnail","6":"product_cat-featured_products","8":"first","9":"instock","10":"taxable","11":"shipping-taxable","12":"purchasable","13":"product-type-simple"},"_links":{"self":[{"href":"https:\/\/supermaid.ch\/shop\/wp-json\/wp\/v2\/product\/287","targetHints":{"allow":["GET"]}}],"collection":[{"href":"https:\/\/supermaid.ch\/shop\/wp-json\/wp\/v2\/product"}],"about":[{"href":"https:\/\/supermaid.ch\/shop\/wp-json\/wp\/v2\/types\/product"}],"replies":[{"embeddable":true,"href":"https:\/\/supermaid.ch\/shop\/wp-json\/wp\/v2\/comments?post=287"}],"wp:featuredmedia":[{"embeddable":true,"href":"https:\/\/supermaid.ch\/shop\/wp-json\/wp\/v2\/media\/288"}],"wp:attachment":[{"href":"https:\/\/supermaid.ch\/shop\/wp-json\/wp\/v2\/media?parent=287"}],"wp:term":[{"taxonomy":"product_brand","embeddable":true,"href":"https:\/\/supermaid.ch\/shop\/wp-json\/wp\/v2\/product_brand?post=287"},{"taxonomy":"product_cat","embeddable":true,"href":"https:\/\/supermaid.ch\/shop\/wp-json\/wp\/v2\/product_cat?post=287"},{"taxonomy":"product_tag","embeddable":true,"href":"https:\/\/supermaid.ch\/shop\/wp-json\/wp\/v2\/product_tag?post=287"}],"curies":[{"name":"wp","href":"https:\/\/api.w.org\/{rel}","templated":true}]}}