{"id":285,"date":"2020-11-29T21:43:19","date_gmt":"2020-11-29T20:43:19","guid":{"rendered":"https:\/\/supermaid.ch\/shop\/?post_type=product&#038;p=285"},"modified":"2020-11-29T21:43:19","modified_gmt":"2020-11-29T20:43:19","slug":"cif-creme-citrus-750ml","status":"publish","type":"product","link":"https:\/\/supermaid.ch\/shop\/product\/cif-creme-citrus-750ml\/","title":{"rendered":"CIF Creme Citrus 750ml"},"content":{"rendered":"<p>Schonende Mikropartikel lassen auch Ihre alten Sch\u00e4tze in neuem Glanz erstrahlen. Probieren Sie doch mal Ihre Plastik-Gartenm\u00f6bel, Tennisschuhe, Dreir\u00e4der oder das Plastik-Spielzeug Ihrer Kinder zu reinigen \u2014 Sie werden \u00fcberrascht sein.<\/p>\n","protected":false},"excerpt":{"rendered":"<p>Reinigt schonend Edelstahl, Keramik, Kunststoff, Glaskeramik<\/p>\n","protected":false},"featured_media":286,"comment_status":"open","ping_status":"closed","template":"","meta":[],"product_brand":[],"product_cat":[32],"product_tag":[],"class_list":{"0":"post-285","1":"product","2":"type-product","3":"status-publish","4":"has-post-thumbnail","6":"product_cat-reinigungsmittel","8":"first","9":"instock","10":"taxable","11":"shipping-taxable","12":"purchasable","13":"product-type-simple"},"_links":{"self":[{"href":"https:\/\/supermaid.ch\/shop\/wp-json\/wp\/v2\/product\/285","targetHints":{"allow":["GET"]}}],"collection":[{"href":"https:\/\/supermaid.ch\/shop\/wp-json\/wp\/v2\/product"}],"about":[{"href":"https:\/\/supermaid.ch\/shop\/wp-json\/wp\/v2\/types\/product"}],"replies":[{"embeddable":true,"href":"https:\/\/supermaid.ch\/shop\/wp-json\/wp\/v2\/comments?post=285"}],"wp:featuredmedia":[{"embeddable":true,"href":"https:\/\/supermaid.ch\/shop\/wp-json\/wp\/v2\/media\/286"}],"wp:attachment":[{"href":"https:\/\/supermaid.ch\/shop\/wp-json\/wp\/v2\/media?parent=285"}],"wp:term":[{"taxonomy":"product_brand","embeddable":true,"href":"https:\/\/supermaid.ch\/shop\/wp-json\/wp\/v2\/product_brand?post=285"},{"taxonomy":"product_cat","embeddable":true,"href":"https:\/\/supermaid.ch\/shop\/wp-json\/wp\/v2\/product_cat?post=285"},{"taxonomy":"product_tag","embeddable":true,"href":"https:\/\/supermaid.ch\/shop\/wp-json\/wp\/v2\/product_tag?post=285"}],"curies":[{"name":"wp","href":"https:\/\/api.w.org\/{rel}","templated":true}]}}