{"id":283,"date":"2020-11-29T21:37:54","date_gmt":"2020-11-29T20:37:54","guid":{"rendered":"https:\/\/supermaid.ch\/shop\/?post_type=product&#038;p=283"},"modified":"2024-08-29T12:24:05","modified_gmt":"2024-08-29T11:24:05","slug":"durgol-express-xl-1-5l","status":"publish","type":"product","link":"https:\/\/supermaid.ch\/shop\/product\/durgol-express-xl-1-5l\/","title":{"rendered":"Durgol Express XL 1.5L"},"content":{"rendered":"<p>Durgol Express beseitigt Kalk in allen Haushaltsgegenst\u00e4nden effizient und materialschonend. Die Entkalkung mit Durgol express ist umweltschonend und lebensmittelsicher. Das Produkt ist gebrauchsfertig und einfach in der Anwendung. Es wirkt sehr schnell im Vergleich zu Essig oder Zitronens\u00e4ure. Das Kalkl\u00f6severm\u00f6gen ist sehr gut, denn ein Liter Durgol Express l\u00f6st ca. 80 g Kalk. Das Reinigungsmittel entspricht einer Umweltschutz gepr\u00e4gten Grundhaltung. Es hat ein gutes Kalkl\u00f6severm\u00f6gen und kann deshalb sehr sparsam und somit umweltfreundlich angewendet werden. Bei der Reaktion von Durgol Express mit dem Kalk entstehen Salze, welche die S\u00e4ure neutralisieren. Zudem tragen unverbrauchte Reste von S\u00e4ure im Abwasser dazu bei, im \u00dcberschuss vorhandene Laugen zu neutralisieren. Hinterl\u00e4sst keine chemischen R\u00fcckst\u00e4nde nach dem Entkalken und Sp\u00fclen.<\/p>\n","protected":false},"excerpt":{"rendered":"<p>Durgol Entkalker<\/p>\n","protected":false},"featured_media":284,"comment_status":"open","ping_status":"closed","template":"","meta":[],"product_brand":[],"product_cat":[15],"product_tag":[],"class_list":{"0":"post-283","1":"product","2":"type-product","3":"status-publish","4":"has-post-thumbnail","6":"product_cat-featured_products","8":"first","9":"instock","10":"taxable","11":"shipping-taxable","12":"purchasable","13":"product-type-simple"},"_links":{"self":[{"href":"https:\/\/supermaid.ch\/shop\/wp-json\/wp\/v2\/product\/283","targetHints":{"allow":["GET"]}}],"collection":[{"href":"https:\/\/supermaid.ch\/shop\/wp-json\/wp\/v2\/product"}],"about":[{"href":"https:\/\/supermaid.ch\/shop\/wp-json\/wp\/v2\/types\/product"}],"replies":[{"embeddable":true,"href":"https:\/\/supermaid.ch\/shop\/wp-json\/wp\/v2\/comments?post=283"}],"wp:featuredmedia":[{"embeddable":true,"href":"https:\/\/supermaid.ch\/shop\/wp-json\/wp\/v2\/media\/284"}],"wp:attachment":[{"href":"https:\/\/supermaid.ch\/shop\/wp-json\/wp\/v2\/media?parent=283"}],"wp:term":[{"taxonomy":"product_brand","embeddable":true,"href":"https:\/\/supermaid.ch\/shop\/wp-json\/wp\/v2\/product_brand?post=283"},{"taxonomy":"product_cat","embeddable":true,"href":"https:\/\/supermaid.ch\/shop\/wp-json\/wp\/v2\/product_cat?post=283"},{"taxonomy":"product_tag","embeddable":true,"href":"https:\/\/supermaid.ch\/shop\/wp-json\/wp\/v2\/product_tag?post=283"}],"curies":[{"name":"wp","href":"https:\/\/api.w.org\/{rel}","templated":true}]}}