{"id":277,"date":"2020-11-29T21:13:27","date_gmt":"2020-11-29T20:13:27","guid":{"rendered":"https:\/\/supermaid.ch\/shop\/?post_type=product&#038;p=277"},"modified":"2022-05-07T10:24:14","modified_gmt":"2022-05-07T09:24:14","slug":"chanteclair-fettloser-lemon-spray-750ml","status":"publish","type":"product","link":"https:\/\/supermaid.ch\/shop\/product\/chanteclair-fettloser-lemon-spray-750ml\/","title":{"rendered":"Chanteclair Fettl\u00f6ser Lemon Spray 750ml"},"content":{"rendered":"<p>Fettl\u00f6ser, Allzweckreiniger, sorgt f\u00fcr saubere Oberfl\u00e4chen.<\/p>\n<p>750ml<\/p>\n","protected":false},"excerpt":{"rendered":"<p>Fettl\u00f6ser, Allzweckreiniger, sorgt f\u00fcr saubere Oberfl\u00e4chen.<\/p>\n","protected":false},"featured_media":278,"comment_status":"open","ping_status":"closed","template":"","meta":[],"product_brand":[],"product_cat":[32],"product_tag":[],"class_list":{"0":"post-277","1":"product","2":"type-product","3":"status-publish","4":"has-post-thumbnail","6":"product_cat-reinigungsmittel","8":"first","9":"instock","10":"taxable","11":"shipping-taxable","12":"purchasable","13":"product-type-simple"},"_links":{"self":[{"href":"https:\/\/supermaid.ch\/shop\/wp-json\/wp\/v2\/product\/277","targetHints":{"allow":["GET"]}}],"collection":[{"href":"https:\/\/supermaid.ch\/shop\/wp-json\/wp\/v2\/product"}],"about":[{"href":"https:\/\/supermaid.ch\/shop\/wp-json\/wp\/v2\/types\/product"}],"replies":[{"embeddable":true,"href":"https:\/\/supermaid.ch\/shop\/wp-json\/wp\/v2\/comments?post=277"}],"wp:featuredmedia":[{"embeddable":true,"href":"https:\/\/supermaid.ch\/shop\/wp-json\/wp\/v2\/media\/278"}],"wp:attachment":[{"href":"https:\/\/supermaid.ch\/shop\/wp-json\/wp\/v2\/media?parent=277"}],"wp:term":[{"taxonomy":"product_brand","embeddable":true,"href":"https:\/\/supermaid.ch\/shop\/wp-json\/wp\/v2\/product_brand?post=277"},{"taxonomy":"product_cat","embeddable":true,"href":"https:\/\/supermaid.ch\/shop\/wp-json\/wp\/v2\/product_cat?post=277"},{"taxonomy":"product_tag","embeddable":true,"href":"https:\/\/supermaid.ch\/shop\/wp-json\/wp\/v2\/product_tag?post=277"}],"curies":[{"name":"wp","href":"https:\/\/api.w.org\/{rel}","templated":true}]}}