{"id":223,"date":"2020-04-02T15:41:38","date_gmt":"2020-04-02T15:41:38","guid":{"rendered":"https:\/\/supermaid.ch\/shop\/?post_type=product&#038;p=223"},"modified":"2024-08-29T12:24:13","modified_gmt":"2024-08-29T11:24:13","slug":"antikal-entkalker","status":"publish","type":"product","link":"https:\/\/supermaid.ch\/shop\/product\/antikal-entkalker\/","title":{"rendered":"Antikal Entkalker"},"content":{"rendered":"<p>Entfernt selbst hartn\u00e4ckige Kalkablagerungen auf schonende Weise. Beugt Kalkablagerungen vor. F\u00fcr langanhaltenden Glanz auf einer Vielzahl von Oberfl\u00e4chen.<\/p>\n","protected":false},"excerpt":{"rendered":"<p>Antikal Entkalker<\/p>\n","protected":false},"featured_media":224,"comment_status":"open","ping_status":"closed","template":"","meta":[],"product_brand":[],"product_cat":[32],"product_tag":[],"class_list":{"0":"post-223","1":"product","2":"type-product","3":"status-publish","4":"has-post-thumbnail","6":"product_cat-reinigungsmittel","8":"first","9":"instock","10":"sale","11":"taxable","12":"shipping-taxable","13":"purchasable","14":"product-type-simple"},"_links":{"self":[{"href":"https:\/\/supermaid.ch\/shop\/wp-json\/wp\/v2\/product\/223","targetHints":{"allow":["GET"]}}],"collection":[{"href":"https:\/\/supermaid.ch\/shop\/wp-json\/wp\/v2\/product"}],"about":[{"href":"https:\/\/supermaid.ch\/shop\/wp-json\/wp\/v2\/types\/product"}],"replies":[{"embeddable":true,"href":"https:\/\/supermaid.ch\/shop\/wp-json\/wp\/v2\/comments?post=223"}],"wp:featuredmedia":[{"embeddable":true,"href":"https:\/\/supermaid.ch\/shop\/wp-json\/wp\/v2\/media\/224"}],"wp:attachment":[{"href":"https:\/\/supermaid.ch\/shop\/wp-json\/wp\/v2\/media?parent=223"}],"wp:term":[{"taxonomy":"product_brand","embeddable":true,"href":"https:\/\/supermaid.ch\/shop\/wp-json\/wp\/v2\/product_brand?post=223"},{"taxonomy":"product_cat","embeddable":true,"href":"https:\/\/supermaid.ch\/shop\/wp-json\/wp\/v2\/product_cat?post=223"},{"taxonomy":"product_tag","embeddable":true,"href":"https:\/\/supermaid.ch\/shop\/wp-json\/wp\/v2\/product_tag?post=223"}],"curies":[{"name":"wp","href":"https:\/\/api.w.org\/{rel}","templated":true}]}}